{"id":9,"date":"2021-11-28T10:30:57","date_gmt":"2021-11-28T10:30:57","guid":{"rendered":"https:\/\/www.hotelmascamarena.micartarestauranteqr.es\/?page_id=9"},"modified":"2022-04-14T09:27:50","modified_gmt":"2022-04-14T09:27:50","slug":"inicio","status":"publish","type":"page","link":"https:\/\/www.apartahotelwellness.micartarestauranteqr.es\/en\/","title":{"rendered":"Start"},"content":{"rendered":"<p>[et_pb_section fb_built=\u00bb1&#8243; fullwidth=\u00bbon\u00bb _builder_version=\u00bb4.14.7&#8243; _module_preset=\u00bbdefault\u00bb da_disable_devices=\u00bboff|off|off\u00bb global_colors_info=\u00bb{}\u00bb da_is_popup=\u00bboff\u00bb da_exit_intent=\u00bboff\u00bb da_has_close=\u00bbon\u00bb da_alt_close=\u00bboff\u00bb da_dark_close=\u00bboff\u00bb da_not_modal=\u00bbon\u00bb da_is_singular=\u00bboff\u00bb da_with_loader=\u00bboff\u00bb da_has_shadow=\u00bbon\u00bb][et_pb_fullwidth_header title=\u00bbAparthotel Wellness\u00bb text_orientation=\u00bbcenter\u00bb header_fullscreen=\u00bbon\u00bb header_scroll_down=\u00bbon\u00bb background_overlay_color=\u00bbrgba(0,0,0,0.28)\u00bb logo_image_url=\u00bbhttps:\/\/www.hotelmascamarena.micartarestauranteqr.es\/wp-content\/uploads\/2021\/12\/logo-para-QR-icono-e1638482826759.png\u00bb _builder_version=\u00bb4.14.7&#8243; _module_preset=\u00bbdefault\u00bb title_font=\u00bb|600|||||||\u00bb title_line_height=\u00bb1.2em\u00bb background_image=\u00bbhttps:\/\/www.apartahotelwellness.micartarestauranteqr.es\/wp-content\/uploads\/2022\/04\/DSCF8903-scaled.jpg\u00bb custom_padding=\u00bb||||false|false\u00bb custom_css_logo=\u00bbmargin-bottom:30px\u00bb global_colors_info=\u00bb{}\u00bb][\/et_pb_fullwidth_header][\/et_pb_section][et_pb_section fb_built=\u00bb1&#8243; _builder_version=\u00bb4.14.1&#8243; _module_preset=\u00bbdefault\u00bb background_color=\u00bbrgba(161,14,60,0.98)\u00bb custom_padding=\u00bb0px||||false|false\u00bb da_disable_devices=\u00bboff|off|off\u00bb global_colors_info=\u00bb{}\u00bb da_is_popup=\u00bboff\u00bb da_exit_intent=\u00bboff\u00bb da_has_close=\u00bbon\u00bb da_alt_close=\u00bboff\u00bb da_dark_close=\u00bboff\u00bb da_not_modal=\u00bbon\u00bb da_is_singular=\u00bboff\u00bb da_with_loader=\u00bboff\u00bb da_has_shadow=\u00bbon\u00bb][et_pb_row column_structure=\u00bb1_2,1_2&#8243; use_custom_gutter=\u00bbon\u00bb make_equal=\u00bbon\u00bb module_class=\u00bbdos-columnas\u00bb _builder_version=\u00bb4.14.1&#8243; _module_preset=\u00bbdefault\u00bb background_color=\u00bbRGBA(255,255,255,0)\u00bb width=\u00bb90%\u00bb global_colors_info=\u00bb{}\u00bb][et_pb_column type=\u00bb1_2&#8243; _builder_version=\u00bb4.14.1&#8243; _module_preset=\u00bbdefault\u00bb global_colors_info=\u00bb{}\u00bb][et_pb_blurb title=\u00bbBienvenida\u00bb url=\u00bb@ET-DC@eyJkeW5hbWljIjp0cnVlLCJjb250ZW50IjoicG9zdF9saW5rX3VybF9wYWdlIiwic2V0dGluZ3MiOnsicG9zdF9pZCI6IjcwIn19@\u00bb use_icon=\u00bbon\u00bb font_icon=\u00bb&#xf0fd;||fa||900&#8243; icon_color=\u00bb#ffffff\u00bb _builder_version=\u00bb4.14.1&#8243; _dynamic_attributes=\u00bburl,link_option_url\u00bb _module_preset=\u00bbdefault\u00bb header_text_color=\u00bb#FFFFFF\u00bb background_color=\u00bbrgba(161,14,60,0.98)\u00bb text_orientation=\u00bbcenter\u00bb custom_padding=\u00bb5%||5%||true|false\u00bb link_option_url=\u00bb@ET-DC@eyJkeW5hbWljIjp0cnVlLCJjb250ZW50IjoicG9zdF9saW5rX3VybF9wYWdlIiwic2V0dGluZ3MiOnsicG9zdF9pZCI6IjcwIn19@\u00bb border_radii=\u00bbon|15px|15px|15px|15px\u00bb box_shadow_style=\u00bbpreset2&#8243; global_colors_info=\u00bb{}\u00bb][\/et_pb_blurb][et_pb_blurb title=\u00bbServicios\u00bb url=\u00bb@ET-DC@eyJkeW5hbWljIjp0cnVlLCJjb250ZW50IjoicG9zdF9saW5rX3VybF9wYWdlIiwic2V0dGluZ3MiOnsicG9zdF9pZCI6IjQwIn19@\u00bb use_icon=\u00bbon\u00bb font_icon=\u00bb&#xf562;||fa||900&#8243; icon_color=\u00bb#ffffff\u00bb _builder_version=\u00bb4.14.1&#8243; _dynamic_attributes=\u00bblink_option_url,url\u00bb _module_preset=\u00bbdefault\u00bb header_text_color=\u00bb#FFFFFF\u00bb background_color=\u00bbrgba(161,14,60,0.98)\u00bb text_orientation=\u00bbcenter\u00bb custom_padding=\u00bb5%||5%||true|false\u00bb link_option_url=\u00bb@ET-DC@eyJkeW5hbWljIjp0cnVlLCJjb250ZW50IjoicG9zdF9saW5rX3VybF9wYWdlIiwic2V0dGluZ3MiOnsicG9zdF9pZCI6IjQwIn19@\u00bb border_radii=\u00bbon|15px|15px|15px|15px\u00bb box_shadow_style=\u00bbpreset2&#8243; global_colors_info=\u00bb{}\u00bb][\/et_pb_blurb][et_pb_blurb title=\u00bbInfo Turismo\u00bb url=\u00bb@ET-DC@eyJkeW5hbWljIjp0cnVlLCJjb250ZW50IjoicG9zdF9saW5rX3VybF9wYWdlIiwic2V0dGluZ3MiOnsicG9zdF9pZCI6IjQyMiJ9fQ==@\u00bb image=\u00bbhttps:\/\/www.apartahotelwellness.micartarestauranteqr.es\/wp-content\/uploads\/2022\/01\/Info-tourist-e1643101872893.png\u00bb _builder_version=\u00bb4.14.7&#8243; _dynamic_attributes=\u00bblink_option_url,url\u00bb _module_preset=\u00bbdefault\u00bb header_text_color=\u00bb#FFFFFF\u00bb background_color=\u00bbrgba(161,14,60,0.98)\u00bb text_orientation=\u00bbcenter\u00bb custom_padding=\u00bb5%||5%||true|false\u00bb link_option_url=\u00bb@ET-DC@eyJkeW5hbWljIjp0cnVlLCJjb250ZW50IjoicG9zdF9saW5rX3VybF9wYWdlIiwic2V0dGluZ3MiOnsicG9zdF9pZCI6IjQwIn19@\u00bb border_radii=\u00bbon|15px|15px|15px|15px\u00bb box_shadow_style=\u00bbpreset2&#8243; global_colors_info=\u00bb{}\u00bb][\/et_pb_blurb][\/et_pb_column][et_pb_column type=\u00bb1_2&#8243; _builder_version=\u00bb4.14.1&#8243; _module_preset=\u00bbdefault\u00bb global_colors_info=\u00bb{}\u00bb][et_pb_blurb title=\u00bb Uso del Agua\u00bb use_icon=\u00bbon\u00bb font_icon=\u00bb&#xf043;||fa||900&#8243; icon_color=\u00bb#ffffff\u00bb admin_label=\u00bbAgua\u00bb _builder_version=\u00bb4.14.1&#8243; _module_preset=\u00bbdefault\u00bb header_text_color=\u00bb#FFFFFF\u00bb background_color=\u00bbrgba(161,14,60,0.98)\u00bb text_orientation=\u00bbcenter\u00bb custom_padding=\u00bb5%||5%||true|false\u00bb link_option_url=\u00bb#primero\u00bb border_radii=\u00bbon|15px|15px|15px|15px\u00bb box_shadow_style=\u00bbpreset2&#8243; global_colors_info=\u00bb{}\u00bb][\/et_pb_blurb][et_pb_blurb title=\u00bbImportante\u00bb use_icon=\u00bbon\u00bb font_icon=\u00bb&#xf071;||fa||900&#8243; icon_color=\u00bb#ffffff\u00bb _builder_version=\u00bb4.14.7&#8243; _dynamic_attributes=\u00bblink_option_url\u00bb _module_preset=\u00bbdefault\u00bb header_text_color=\u00bb#FFFFFF\u00bb background_color=\u00bbrgba(161,14,60,0.98)\u00bb text_orientation=\u00bbcenter\u00bb custom_padding=\u00bb5%||5%||true|false\u00bb link_option_url=\u00bb@ET-DC@eyJkeW5hbWljIjp0cnVlLCJjb250ZW50IjoicG9zdF9saW5rX3VybF9wYWdlIiwic2V0dGluZ3MiOnsicG9zdF9pZCI6IjE1NyJ9fQ==@\u00bb border_radii=\u00bbon|15px|15px|15px|15px\u00bb box_shadow_style=\u00bbpreset2&#8243; global_colors_info=\u00bb{}\u00bb][\/et_pb_blurb][et_pb_blurb title=\u00bbWifi\u00bb use_icon=\u00bbon\u00bb font_icon=\u00bb&#xf1eb;||fa||900&#8243; icon_color=\u00bb#ffffff\u00bb _builder_version=\u00bb4.14.7&#8243; _module_preset=\u00bbdefault\u00bb header_text_color=\u00bb#FFFFFF\u00bb background_color=\u00bbrgba(161,14,60,0.98)\u00bb text_orientation=\u00bbcenter\u00bb custom_padding=\u00bb5%||5%||true|false\u00bb link_option_url=\u00bb#wifipopup\u00bb border_radii=\u00bbon|15px|15px|15px|15px\u00bb box_shadow_style=\u00bbpreset2&#8243; global_colors_info=\u00bb{}\u00bb][\/et_pb_blurb][\/et_pb_column][\/et_pb_row][\/et_pb_section][et_pb_section fb_built=\u00bb1&#8243; admin_label=\u00bbPopup &#8211; #primero\u00bb module_id=\u00bbprimero\u00bb module_class=\u00bbpopup close-alt dark\u00bb _builder_version=\u00bb4.14.7&#8243; _module_preset=\u00bbdefault\u00bb custom_margin_tablet=\u00bb\u00bb custom_margin_phone=\u00bb\u00bb custom_margin_last_edited=\u00bbon|phone\u00bb custom_padding=\u00bb0px||||false|false\u00bb da_is_popup=\u00bbon\u00bb da_popup_slug=\u00bbprimero\u00bb da_dark_close=\u00bbon\u00bb da_alt_close=\u00bbon\u00bb da_disable_devices=\u00bboff|off|off\u00bb global_colors_info=\u00bb{}\u00bb da_exit_intent=\u00bboff\u00bb da_has_close=\u00bbon\u00bb da_not_modal=\u00bbon\u00bb da_is_singular=\u00bboff\u00bb da_with_loader=\u00bboff\u00bb da_has_shadow=\u00bbon\u00bb][et_pb_row _builder_version=\u00bb4.14.1&#8243; _module_preset=\u00bbdefault\u00bb global_colors_info=\u00bb{}\u00bb][et_pb_column type=\u00bb4_4&#8243; _builder_version=\u00bb4.14.1&#8243; _module_preset=\u00bbdefault\u00bb global_colors_info=\u00bb{}\u00bb][et_pb_text _builder_version=\u00bb4.14.7&#8243; _module_preset=\u00bbdefault\u00bb header_3_font=\u00bb|700|||||||\u00bb header_3_text_color=\u00bb#a0103d\u00bb background_image=\u00bbhttps:\/\/www.apartahotelwellness.micartarestauranteqr.es\/wp-content\/uploads\/2022\/01\/AGUA.png\u00bb background_size=\u00bbinitial\u00bb background_position=\u00bbtop_right\u00bb custom_padding=\u00bb|20%|||false|false\u00bb custom_padding_tablet=\u00bb|25%|||false|false\u00bb custom_padding_phone=\u00bb40%|17%|||false|false\u00bb custom_padding_last_edited=\u00bbon|tablet\u00bb hover_enabled=\u00bb0&#8243; header_font_tablet=\u00bb\u00bb header_font_phone=\u00bb\u00bb header_font_last_edited=\u00bbon|desktop\u00bb header_font_size_tablet=\u00bb\u00bb header_font_size_phone=\u00bb27px\u00bb header_font_size_last_edited=\u00bbon|phone\u00bb header_3_font_size_tablet=\u00bb\u00bb header_3_font_size_phone=\u00bb17px\u00bb header_3_font_size_last_edited=\u00bbon|phone\u00bb global_colors_info=\u00bb{}\u00bb sticky_enabled=\u00bb0&#8243;]<\/p>\n<h3>APARTHOTEL WELLNESS COMPROMISED WITH ENVIRONMENT<\/h3>\n<p>If you want to use your towels more than once, hang them on your towel racks. If you want them to be washed, just leave them on the ground.<\/p>\n<h3>RESPONSIBLE USE OF THE WATER<\/h3>\n<p>The thermos in each apartment is individual and has a capacity of 80 liters, so it needs some time to heat up again.<br \/>If you let the water run before getting into the shower, it could be that the hot water runs out, to avoid this we recommend you turn on the tap when you go to take the shower.<\/p>\n<p><strong>THANK YOU FOR YOUR COOPERATION<\/strong><\/p>\n<p>[\/et_pb_text][\/et_pb_column][\/et_pb_row][\/et_pb_section][et_pb_section fb_built=\u00bb1&#8243; admin_label=\u00bbPopup &#8211; #wifipopup\u00bb module_id=\u00bbwifipopup\u00bb module_class=\u00bbpopup close-alt dark\u00bb _builder_version=\u00bb4.14.7&#8243; _module_preset=\u00bbdefault\u00bb da_is_popup=\u00bbon\u00bb da_popup_slug=\u00bbwifipopup\u00bb da_dark_close=\u00bbon\u00bb da_alt_close=\u00bbon\u00bb da_disable_devices=\u00bboff|off|off\u00bb global_colors_info=\u00bb{}\u00bb da_exit_intent=\u00bboff\u00bb da_has_close=\u00bbon\u00bb da_not_modal=\u00bbon\u00bb da_is_singular=\u00bboff\u00bb da_with_loader=\u00bboff\u00bb da_has_shadow=\u00bbon\u00bb][et_pb_row _builder_version=\u00bb4.14.7&#8243; _module_preset=\u00bbdefault\u00bb global_colors_info=\u00bb{}\u00bb][et_pb_column type=\u00bb4_4&#8243; _builder_version=\u00bb4.14.7&#8243; _module_preset=\u00bbdefault\u00bb global_colors_info=\u00bb{}\u00bb][et_pb_blurb title=\u00bbWifi Gratuita\u00bb use_icon=\u00bbon\u00bb font_icon=\u00bb&#xf1eb;||fa||900&#8243; _builder_version=\u00bb4.14.7&#8243; _module_preset=\u00bbdefault\u00bb header_text_color=\u00bb#000000&#8243; header_font_size=\u00bb26px\u00bb text_orientation=\u00bbcenter\u00bb header_font_tablet=\u00bb\u00bb header_font_phone=\u00bb\u00bb header_font_last_edited=\u00bbon|phone\u00bb header_font_size_tablet=\u00bb26px\u00bb header_font_size_phone=\u00bb26px\u00bb header_font_size_last_edited=\u00bbon|phone\u00bb global_colors_info=\u00bb{}\u00bb]<strong>IPT.W2LLNSS<\/strong>[\/et_pb_blurb][\/et_pb_column][\/et_pb_row][\/et_pb_section]<\/p>","protected":false},"excerpt":{"rendered":"<p>APARTHOTEL WELLNESS COMPROMETIDO CON EL MEDIO AMBIENTE Si desea utilizar sus toallas m\u00e1s de una vez, cu\u00e9lguelas en sus toalleros. Si desea que sean lavadas, simplemente d\u00e9jelas en el suelo. POR UN USO RESPONSABLE DEL AGUA El termo de cada apartamento es individual y tiene una capacidad de 80 litros, por lo que necesita un [&hellip;]<\/p>","protected":false},"author":1,"featured_media":0,"parent":0,"menu_order":0,"comment_status":"closed","ping_status":"closed","template":"","meta":{"_et_pb_use_builder":"on","_et_pb_old_content":"","_et_gb_content_width":""},"_links":{"self":[{"href":"https:\/\/www.apartahotelwellness.micartarestauranteqr.es\/en\/wp-json\/wp\/v2\/pages\/9"}],"collection":[{"href":"https:\/\/www.apartahotelwellness.micartarestauranteqr.es\/en\/wp-json\/wp\/v2\/pages"}],"about":[{"href":"https:\/\/www.apartahotelwellness.micartarestauranteqr.es\/en\/wp-json\/wp\/v2\/types\/page"}],"author":[{"embeddable":true,"href":"https:\/\/www.apartahotelwellness.micartarestauranteqr.es\/en\/wp-json\/wp\/v2\/users\/1"}],"replies":[{"embeddable":true,"href":"https:\/\/www.apartahotelwellness.micartarestauranteqr.es\/en\/wp-json\/wp\/v2\/comments?post=9"}],"version-history":[{"count":54,"href":"https:\/\/www.apartahotelwellness.micartarestauranteqr.es\/en\/wp-json\/wp\/v2\/pages\/9\/revisions"}],"predecessor-version":[{"id":484,"href":"https:\/\/www.apartahotelwellness.micartarestauranteqr.es\/en\/wp-json\/wp\/v2\/pages\/9\/revisions\/484"}],"wp:attachment":[{"href":"https:\/\/www.apartahotelwellness.micartarestauranteqr.es\/en\/wp-json\/wp\/v2\/media?parent=9"}],"curies":[{"name":"wp","href":"https:\/\/api.w.org\/{rel}","templated":true}]}}