{"id":70,"date":"2021-11-28T13:42:15","date_gmt":"2021-11-28T13:42:15","guid":{"rendered":"https:\/\/www.hotelmascamarena.micartarestauranteqr.es\/?page_id=70"},"modified":"2022-04-14T08:59:24","modified_gmt":"2022-04-14T08:59:24","slug":"bienvenida-del-hotel","status":"publish","type":"page","link":"https:\/\/www.apartahotelwellness.micartarestauranteqr.es\/en\/bienvenida-del-hotel\/","title":{"rendered":"Bienvenida del Hotel"},"content":{"rendered":"<p>[et_pb_section fb_built=\u00bb1&#8243; custom_padding_last_edited=\u00bbon|phone\u00bb admin_label=\u00bbHeader\u00bb _builder_version=\u00bb4.14.7&#8243; background_color=\u00bbrgba(0,0,0,0.33)\u00bb use_background_color_gradient=\u00bbon\u00bb background_color_gradient_start=\u00bbrgba(0,0,0,0)\u00bb background_color_gradient_end=\u00bbrgba(22,29,67,0.3)\u00bb background_color_gradient_direction=\u00bb200deg\u00bb background_color_gradient_start_position=\u00bb62%\u00bb background_color_gradient_overlays_image=\u00bbon\u00bb background_image=\u00bbhttps:\/\/www.apartahotelwellness.micartarestauranteqr.es\/wp-content\/uploads\/2022\/04\/DSCF8879-scaled.jpg\u00bb parallax=\u00bbon\u00bb parallax_method=\u00bboff\u00bb custom_padding=\u00bb10vw|10vw|0|0px|false|false\u00bb custom_padding_tablet=\u00bb\u00bb custom_padding_phone=\u00bb0vw|10vw|||false|false\u00bb animation_style=\u00bbfade\u00bb animation_starting_opacity=\u00bb5%\u00bb animation_speed_curve=\u00bbease-out\u00bb background_last_edited=\u00bbon|phone\u00bb parallax_phone=\u00bboff\u00bb da_disable_devices=\u00bboff|off|off\u00bb border_radii=\u00bb||||16vw\u00bb locked=\u00bboff\u00bb global_colors_info=\u00bb{}\u00bb da_is_popup=\u00bboff\u00bb da_exit_intent=\u00bboff\u00bb da_has_close=\u00bbon\u00bb da_alt_close=\u00bboff\u00bb da_dark_close=\u00bboff\u00bb da_not_modal=\u00bbon\u00bb da_is_singular=\u00bboff\u00bb da_with_loader=\u00bboff\u00bb da_has_shadow=\u00bbon\u00bb][et_pb_row column_structure=\u00bb1_2,1_2&#8243; module_class=\u00bbdos-columnas\u00bb _builder_version=\u00bb4.14.7&#8243; _module_preset=\u00bbdefault\u00bb width=\u00bb100%\u00bb custom_padding=\u00bb0px||0px||false|false\u00bb global_colors_info=\u00bb{}\u00bb][et_pb_column type=\u00bb1_2&#8243; _builder_version=\u00bb4.14.7&#8243; _module_preset=\u00bbdefault\u00bb global_colors_info=\u00bb{}\u00bb][et_pb_button button_text=\u00bbBack\u00bb button_alignment=\u00bbleft\u00bb module_id=\u00bbpa-back-button\u00bb _builder_version=\u00bb4.14.7&#8243; _module_preset=\u00bbdefault\u00bb custom_button=\u00bbon\u00bb button_text_size=\u00bb16px\u00bb button_text_color=\u00bb#FFFFFF\u00bb button_bg_color=\u00bb#a00d3b\u00bb button_border_width=\u00bb0px\u00bb button_icon_placement=\u00bbleft\u00bb button_on_hover=\u00bboff\u00bb global_colors_info=\u00bb{}\u00bb][\/et_pb_button][\/et_pb_column][et_pb_column type=\u00bb1_2&#8243; _builder_version=\u00bb4.14.1&#8243; _module_preset=\u00bbdefault\u00bb global_colors_info=\u00bb{}\u00bb][et_pb_icon font_icon=\u00bb&#xf0fd;||fa||900&#8243; icon_width=\u00bb44px\u00bb align=\u00bbright\u00bb _builder_version=\u00bb4.14.1&#8243; _module_preset=\u00bbdefault\u00bb background_color=\u00bb#FFFFFF\u00bb custom_padding=\u00bb15px|20px|15px|20px|true|true\u00bb border_radii=\u00bbon|50px|50px|50px|50px\u00bb global_colors_info=\u00bb{}\u00bb][\/et_pb_icon][\/et_pb_column][\/et_pb_row][et_pb_row column_structure=\u00bb3_4,1_4&#8243; use_custom_gutter=\u00bbon\u00bb gutter_width=\u00bb1&#8243; make_equal=\u00bbon\u00bb custom_padding_last_edited=\u00bbon|desktop\u00bb padding_top_bottom_link_1=\u00bbtrue\u00bb padding_top_bottom_link_2=\u00bbtrue\u00bb padding_left_right_link_1=\u00bbfalse\u00bb _builder_version=\u00bb4.14.7&#8243; background_color=\u00bbRGBA(255,255,255,0)\u00bb use_background_color_gradient=\u00bbon\u00bb background_color_gradient_start=\u00bbrgba(255,255,255,0.4)\u00bb background_color_gradient_end=\u00bbrgba(0,0,0,0.45)\u00bb background_color_gradient_direction=\u00bb277deg\u00bb background_color_gradient_start_position=\u00bb22%\u00bb width=\u00bb100%\u00bb max_width=\u00bb100%\u00bb module_alignment=\u00bbleft\u00bb custom_margin_tablet=\u00bb0vw|||\u00bb custom_margin_last_edited=\u00bboff|desktop\u00bb custom_padding=\u00bb0px||0px||false|false\u00bb custom_padding_tablet=\u00bb|||0vw\u00bb custom_padding_phone=\u00bb\u00bb animation_style=\u00bbslide\u00bb animation_direction=\u00bbleft\u00bb animation_intensity_slide=\u00bb5%\u00bb border_radii=\u00bb||10vw||\u00bb use_custom_width=\u00bbon\u00bb width_unit=\u00bboff\u00bb custom_width_percent=\u00bb100%\u00bb locked=\u00bboff\u00bb global_colors_info=\u00bb{}\u00bb][et_pb_column type=\u00bb3_4&#8243; _builder_version=\u00bb4.14.7&#8243; custom_padding=\u00bb80px|40px|80px|10vw\u00bb custom_padding_tablet=\u00bb40px||20px||false\u00bb custom_padding_phone=\u00bb15px||0px||false|false\u00bb custom_padding_last_edited=\u00bbon|phone\u00bb global_colors_info=\u00bb{}\u00bb padding_phone=\u00bb|||\u00bb padding_tablet=\u00bb40px||20px||false\u00bb padding_last_edited=\u00bbon|phone\u00bb custom_padding__hover=\u00bb|||\u00bb][et_pb_text content_tablet=\u00bb<\/p>\n<h6>Aparthotel Wellness<\/h6>\n<h1>Welcome to Aparthotel Wellness<\/h1>\n<p>\u00bb content_phone=\u00bb<\/p>\n<h6>Aparthotel Wellness<\/h6>\n<h1>Welcome to Aparthotel Wellness<\/h1>\n<p>\u00bb content_last_edited=\u00bbon|phone\u00bb _builder_version=\u00bb4.14.7&#8243; text_font=\u00bb||||||||\u00bb header_font=\u00bb||||||||\u00bb header_font_size=\u00bb100px\u00bb header_line_height=\u00bb1.4em\u00bb header_6_font=\u00bbOpen Sans|700||on|||||\u00bb header_6_letter_spacing=\u00bb5px\u00bb header_6_line_height=\u00bb1.6em\u00bb background_layout=\u00bbdark\u00bb max_width_tablet=\u00bb90%\u00bb max_width_phone=\u00bb\u00bb max_width_last_edited=\u00bbon|desktop\u00bb module_alignment=\u00bbright\u00bb animation_style=\u00bbzoom\u00bb animation_intensity_zoom=\u00bb5%\u00bb header_font_size_tablet=\u00bb48px\u00bb header_font_size_phone=\u00bb25px\u00bb header_font_size_last_edited=\u00bbon|phone\u00bb header_6_font_size_tablet=\u00bb\u00bb header_6_font_size_phone=\u00bb\u00bb header_6_font_size_last_edited=\u00bbon|desktop\u00bb text_text_shadow_style=\u00bbpreset3&#8243; text_text_shadow_blur_strength=\u00bb3em\u00bb text_text_shadow_color=\u00bbrgba(22,29,67,0.24)\u00bb locked=\u00bboff\u00bb global_colors_info=\u00bb{}\u00bb header_5_font_size__hover=\u00bb16px\u00bb header_5_font_size__hover_enabled=\u00bb16px\u00bb header_5_letter_spacing__hover=\u00bb0px\u00bb header_5_letter_spacing__hover_enabled=\u00bb0px\u00bb header_5_line_height__hover=\u00bb1em\u00bb header_5_line_height__hover_enabled=\u00bb1em\u00bb header_5_text_shadow_style__hover=\u00bbnone\u00bb header_5_text_shadow_style__hover_enabled=\u00bbnone\u00bb header_5_text_shadow_color__hover=\u00bbrgba(0,0,0,0.4)\u00bb header_5_text_shadow_color__hover_enabled=\u00bbrgba(0,0,0,0.4)\u00bb]<\/p>\n<h6>Aparthotel Wellness<\/h6>\n<h1>Welcome to Aparthotel Wellness<\/h1>\n<p>[\/et_pb_text][\/et_pb_column][et_pb_column type=\u00bb1_4&#8243; _builder_version=\u00bb4.14.7&#8243; custom_padding=\u00bb|||\u00bb custom_padding_tablet=\u00bb||||false\u00bb custom_padding_phone=\u00bb||||false\u00bb custom_padding_last_edited=\u00bbon|phone\u00bb global_colors_info=\u00bb{}\u00bb padding_tablet=\u00bb||||false\u00bb padding_last_edited=\u00bbon|desktop\u00bb custom_padding__hover=\u00bb|||\u00bb padding_phone=\u00bb||||false\u00bb][\/et_pb_column][\/et_pb_row][\/et_pb_section][et_pb_section fb_built=\u00bb1&#8243; admin_label=\u00bbAbout\u00bb _builder_version=\u00bb4.14.1&#8243; da_disable_devices=\u00bboff|off|off\u00bb global_colors_info=\u00bb{}\u00bb da_is_popup=\u00bboff\u00bb da_exit_intent=\u00bboff\u00bb da_has_close=\u00bbon\u00bb da_alt_close=\u00bboff\u00bb da_dark_close=\u00bboff\u00bb da_not_modal=\u00bbon\u00bb da_is_singular=\u00bboff\u00bb da_with_loader=\u00bboff\u00bb da_has_shadow=\u00bbon\u00bb][et_pb_row _builder_version=\u00bb4.14.1&#8243; custom_padding=\u00bb0px||||false|false\u00bb global_colors_info=\u00bb{}\u00bb][et_pb_column type=\u00bb4_4&#8243; _builder_version=\u00bb3.25&#8243; custom_padding=\u00bb|||\u00bb global_colors_info=\u00bb{}\u00bb custom_padding__hover=\u00bb|||\u00bb][et_pb_text _builder_version=\u00bb4.14.7&#8243; text_font=\u00bbOpen Sans||||||||\u00bb text_line_height=\u00bb1.2em\u00bb header_font=\u00bb||||||||\u00bb header_2_font=\u00bb||||||||\u00bb header_2_font_size=\u00bb50px\u00bb header_2_line_height=\u00bb1.4em\u00bb header_3_font=\u00bbOpen Sans|700||on|||||\u00bb header_3_font_size=\u00bb14px\u00bb header_3_letter_spacing=\u00bb5px\u00bb header_3_line_height=\u00bb1.8em\u00bb max_width=\u00bb600px\u00bb module_alignment=\u00bbcenter\u00bb animation_style=\u00bbzoom\u00bb animation_intensity_zoom=\u00bb5%\u00bb header_2_font_tablet=\u00bb||||||||\u00bb header_2_font_phone=\u00bb||||||||\u00bb header_2_font_last_edited=\u00bbon|phone\u00bb header_2_font_size_tablet=\u00bb40px\u00bb header_2_font_size_phone=\u00bb28px\u00bb header_2_font_size_last_edited=\u00bbon|phone\u00bb header_3_font_size_tablet=\u00bb\u00bb header_3_font_size_phone=\u00bb10px\u00bb header_3_font_size_last_edited=\u00bbon|phone\u00bb locked=\u00bboff\u00bb global_colors_info=\u00bb{}\u00bb header_5_font_size__hover=\u00bb16px\u00bb header_5_font_size__hover_enabled=\u00bb16px\u00bb header_5_letter_spacing__hover=\u00bb0px\u00bb header_5_letter_spacing__hover_enabled=\u00bb0px\u00bb header_5_line_height__hover=\u00bb1em\u00bb header_5_line_height__hover_enabled=\u00bb1em\u00bb header_5_text_shadow_style__hover=\u00bbnone\u00bb header_5_text_shadow_style__hover_enabled=\u00bbnone\u00bb header_5_text_shadow_color__hover=\u00bbrgba(0,0,0,0.4)\u00bb header_5_text_shadow_color__hover_enabled=\u00bbrgba(0,0,0,0.4)\u00bb header_font_size__hover=\u00bb30px\u00bb header_font_size__hover_enabled=\u00bb30px\u00bb header_letter_spacing__hover=\u00bb0px\u00bb header_letter_spacing__hover_enabled=\u00bb0px\u00bb header_text_shadow_style__hover=\u00bbnone\u00bb header_text_shadow_style__hover_enabled=\u00bbnone\u00bb header_text_shadow_color__hover=\u00bbrgba(0,0,0,0.4)\u00bb header_text_shadow_color__hover_enabled=\u00bbrgba(0,0,0,0.4)\u00bb header_6_letter_spacing__hover=\u00bb0px\u00bb header_6_letter_spacing__hover_enabled=\u00bb0px\u00bb header_6_line_height__hover=\u00bb1em\u00bb header_6_line_height__hover_enabled=\u00bb1em\u00bb header_6_font_size__hover=\u00bb14px\u00bb header_6_font_size__hover_enabled=\u00bb14px\u00bb header_6_text_shadow_style__hover=\u00bbnone\u00bb header_6_text_shadow_style__hover_enabled=\u00bbnone\u00bb header_6_text_shadow_color__hover=\u00bbrgba(0,0,0,0.4)\u00bb header_6_text_shadow_color__hover_enabled=\u00bbrgba(0,0,0,0.4)\u00bb]<\/p>\n<p>We hope you enjoy your stay with us!<\/p>\n<p class=\" translation-block\">In case of any <strong>emergency<\/strong> you can contact with the reception desk of Mas Camarena Hotel by dialing number <strong>963214422<\/strong><\/p>\n<p>If you would like to book, do not hesitate to contact us.<\/p>\n<p>&nbsp;<\/p>\n<p><span style=\"color: #a00d3b;\" ><img loading=\"lazy\"   src=\"https:\/\/www.hotelmascamarena.micartarestauranteqr.es\/wp-content\/uploads\/2021\/12\/icono-telefono.png\"   alt=\"\"   class=\"wp-image-257 alignleft size-full\"   width=\"32\"   height=\"32\" \/><strong>Telephones of interest<\/strong><\/span><\/p>\n<p><strong><\/strong><\/p>\n<ul>\n<li><strong>Aparthotel reception extension:<\/strong> 2001<\/li>\n<li><strong>AMBULANCE<\/strong> 900.161.161<\/li>\n<li><strong>Police Paterna<\/strong>: 961.344.020<\/li>\n<li><strong>Civil Guard<\/strong> 963.331.100<\/li>\n<li><strong>Firefighters<\/strong> 080<\/li>\n<li><strong>Hotel Mas Camarena:<\/strong> 963.110.950<\/li>\n<\/ul>\n<p>[\/et_pb_text][\/et_pb_column][\/et_pb_row][\/et_pb_section]<\/p>","protected":false},"excerpt":{"rendered":"<p>Aparthotel Mas Camarena Bienvenidos al Aparthotel WellnessEsperemos disfrute de su estancia con nosotros! En caso de alguna urgencia puede contactar con la recepci\u00f3n del Hotel Mas Camarena marcando el tel\u00e9fono 963214422 Para futuras reservas, no duden en contactar con nosotros. &nbsp; *TEL\u00c9FONOS DE INTER\u00c9S: Extensi\u00f3n recepci\u00f3n Aparthotel: 2001 SAMU: 900.161.161 Polic\u00eda Local Paterna: 961.344.020 Guardia [&hellip;]<\/p>","protected":false},"author":1,"featured_media":0,"parent":0,"menu_order":0,"comment_status":"closed","ping_status":"closed","template":"","meta":{"_et_pb_use_builder":"on","_et_pb_old_content":"","_et_gb_content_width":""},"_links":{"self":[{"href":"https:\/\/www.apartahotelwellness.micartarestauranteqr.es\/en\/wp-json\/wp\/v2\/pages\/70"}],"collection":[{"href":"https:\/\/www.apartahotelwellness.micartarestauranteqr.es\/en\/wp-json\/wp\/v2\/pages"}],"about":[{"href":"https:\/\/www.apartahotelwellness.micartarestauranteqr.es\/en\/wp-json\/wp\/v2\/types\/page"}],"author":[{"embeddable":true,"href":"https:\/\/www.apartahotelwellness.micartarestauranteqr.es\/en\/wp-json\/wp\/v2\/users\/1"}],"replies":[{"embeddable":true,"href":"https:\/\/www.apartahotelwellness.micartarestauranteqr.es\/en\/wp-json\/wp\/v2\/comments?post=70"}],"version-history":[{"count":28,"href":"https:\/\/www.apartahotelwellness.micartarestauranteqr.es\/en\/wp-json\/wp\/v2\/pages\/70\/revisions"}],"predecessor-version":[{"id":478,"href":"https:\/\/www.apartahotelwellness.micartarestauranteqr.es\/en\/wp-json\/wp\/v2\/pages\/70\/revisions\/478"}],"wp:attachment":[{"href":"https:\/\/www.apartahotelwellness.micartarestauranteqr.es\/en\/wp-json\/wp\/v2\/media?parent=70"}],"curies":[{"name":"wp","href":"https:\/\/api.w.org\/{rel}","templated":true}]}}