{"id":422,"date":"2022-01-25T09:37:49","date_gmt":"2022-01-25T09:37:49","guid":{"rendered":"https:\/\/www.apartahotelwellness.micartarestauranteqr.es\/?page_id=422"},"modified":"2022-01-25T11:22:09","modified_gmt":"2022-01-25T11:22:09","slug":"informacion-turistica","status":"publish","type":"page","link":"https:\/\/www.apartahotelwellness.micartarestauranteqr.es\/en\/informacion-turistica\/","title":{"rendered":"Tourist information"},"content":{"rendered":"<p>[et_pb_section fb_built=\u00bb1&#8243; custom_padding_last_edited=\u00bbon|phone\u00bb admin_label=\u00bbHeader\u00bb _builder_version=\u00bb4.14.7&#8243; background_color=\u00bbrgba(0,0,0,0.33)\u00bb use_background_color_gradient=\u00bbon\u00bb background_color_gradient_start=\u00bbrgba(0,0,0,0)\u00bb background_color_gradient_end=\u00bbrgba(22,29,67,0.3)\u00bb background_color_gradient_direction=\u00bb200deg\u00bb background_color_gradient_start_position=\u00bb62%\u00bb background_color_gradient_overlays_image=\u00bbon\u00bb background_image=\u00bbhttps:\/\/www.hotelmascamarena.micartarestauranteqr.es\/wp-content\/uploads\/2021\/11\/Recepcion-Hotel-mascamarena-1.jpg\u00bb parallax=\u00bbon\u00bb parallax_method=\u00bboff\u00bb custom_padding=\u00bb10vw|10vw|0|0px|false|false\u00bb custom_padding_tablet=\u00bb\u00bb custom_padding_phone=\u00bb0vw|10vw|||false|false\u00bb animation_style=\u00bbfade\u00bb animation_starting_opacity=\u00bb5%\u00bb animation_speed_curve=\u00bbease-out\u00bb background_last_edited=\u00bbon|phone\u00bb parallax_phone=\u00bboff\u00bb da_disable_devices=\u00bboff|off|off\u00bb border_radii=\u00bb||||16vw\u00bb locked=\u00bboff\u00bb global_colors_info=\u00bb{}\u00bb da_is_popup=\u00bboff\u00bb da_exit_intent=\u00bboff\u00bb da_has_close=\u00bbon\u00bb da_alt_close=\u00bboff\u00bb da_dark_close=\u00bboff\u00bb da_not_modal=\u00bbon\u00bb da_is_singular=\u00bboff\u00bb da_with_loader=\u00bboff\u00bb da_has_shadow=\u00bbon\u00bb][et_pb_row column_structure=\u00bb1_2,1_2&#8243; module_class=\u00bbdos-columnas\u00bb _builder_version=\u00bb4.14.7&#8243; _module_preset=\u00bbdefault\u00bb width=\u00bb100%\u00bb custom_padding=\u00bb0px||0px||false|false\u00bb global_colors_info=\u00bb{}\u00bb][et_pb_column type=\u00bb1_2&#8243; _builder_version=\u00bb4.14.7&#8243; _module_preset=\u00bbdefault\u00bb global_colors_info=\u00bb{}\u00bb][et_pb_button button_text=\u00bbBack\u00bb button_alignment=\u00bbleft\u00bb module_id=\u00bbpa-back-button\u00bb _builder_version=\u00bb4.14.7&#8243; _module_preset=\u00bbdefault\u00bb custom_button=\u00bbon\u00bb button_text_size=\u00bb16px\u00bb button_text_color=\u00bb#FFFFFF\u00bb button_bg_color=\u00bb#a00d3b\u00bb button_border_width=\u00bb0px\u00bb button_icon_placement=\u00bbleft\u00bb button_on_hover=\u00bboff\u00bb global_colors_info=\u00bb{}\u00bb][\/et_pb_button][\/et_pb_column][et_pb_column type=\u00bb1_2&#8243; _builder_version=\u00bb4.14.1&#8243; _module_preset=\u00bbdefault\u00bb global_colors_info=\u00bb{}\u00bb][et_pb_icon font_icon=\u00bb&#xf05a;||fa||900&#8243; icon_width=\u00bb44px\u00bb align=\u00bbright\u00bb _builder_version=\u00bb4.14.7&#8243; _module_preset=\u00bbdefault\u00bb background_color=\u00bb#FFFFFF\u00bb custom_padding=\u00bb15px|20px|15px|20px|true|true\u00bb border_radii=\u00bbon|50px|50px|50px|50px\u00bb global_colors_info=\u00bb{}\u00bb][\/et_pb_icon][\/et_pb_column][\/et_pb_row][et_pb_row column_structure=\u00bb3_4,1_4&#8243; use_custom_gutter=\u00bbon\u00bb gutter_width=\u00bb1&#8243; make_equal=\u00bbon\u00bb custom_padding_last_edited=\u00bbon|desktop\u00bb padding_top_bottom_link_1=\u00bbtrue\u00bb padding_top_bottom_link_2=\u00bbtrue\u00bb padding_left_right_link_1=\u00bbfalse\u00bb _builder_version=\u00bb4.14.7&#8243; background_color=\u00bbRGBA(255,255,255,0)\u00bb use_background_color_gradient=\u00bbon\u00bb background_color_gradient_start=\u00bbrgba(255,255,255,0.4)\u00bb background_color_gradient_end=\u00bbrgba(0,0,0,0.45)\u00bb background_color_gradient_direction=\u00bb277deg\u00bb background_color_gradient_start_position=\u00bb22%\u00bb width=\u00bb100%\u00bb max_width=\u00bb100%\u00bb module_alignment=\u00bbleft\u00bb custom_margin_tablet=\u00bb0vw|||\u00bb custom_margin_last_edited=\u00bboff|desktop\u00bb custom_padding=\u00bb0px||0px||false|false\u00bb custom_padding_tablet=\u00bb|||0vw\u00bb custom_padding_phone=\u00bb\u00bb animation_style=\u00bbslide\u00bb animation_direction=\u00bbleft\u00bb animation_intensity_slide=\u00bb5%\u00bb border_radii=\u00bb||10vw||\u00bb use_custom_width=\u00bbon\u00bb width_unit=\u00bboff\u00bb custom_width_percent=\u00bb100%\u00bb locked=\u00bboff\u00bb global_colors_info=\u00bb{}\u00bb][et_pb_column type=\u00bb3_4&#8243; _builder_version=\u00bb4.14.7&#8243; custom_padding=\u00bb80px|40px|80px|10vw\u00bb custom_padding_tablet=\u00bb40px||20px||false\u00bb custom_padding_phone=\u00bb15px||0px||false|false\u00bb custom_padding_last_edited=\u00bbon|phone\u00bb global_colors_info=\u00bb{}\u00bb padding_phone=\u00bb|||\u00bb padding_tablet=\u00bb40px||20px||false\u00bb padding_last_edited=\u00bbon|phone\u00bb custom_padding__hover=\u00bb|||\u00bb][et_pb_text content_tablet=\u00bb<\/p>\n<h6>Aparthotel Wellness<\/h6>\n<h1>Welcome to Aparthotel Wellness<\/h1>\n<p>\u00bb content_phone=\u00bb<\/p>\n<h6>Aparthotel Wellness<\/h6>\n<h1>Informaci\u00f3n <br \/>Tur\u00edstica<\/h1>\n<p>\u00bb content_last_edited=\u00bbon|phone\u00bb _builder_version=\u00bb4.14.7&#8243; text_font=\u00bb||||||||\u00bb header_font=\u00bb||||||||\u00bb header_font_size=\u00bb100px\u00bb header_line_height=\u00bb1.4em\u00bb header_6_font=\u00bbOpen Sans|700||on|||||\u00bb header_6_letter_spacing=\u00bb5px\u00bb header_6_line_height=\u00bb1.6em\u00bb background_layout=\u00bbdark\u00bb max_width_tablet=\u00bb90%\u00bb max_width_phone=\u00bb\u00bb max_width_last_edited=\u00bbon|desktop\u00bb module_alignment=\u00bbright\u00bb animation_style=\u00bbzoom\u00bb animation_intensity_zoom=\u00bb5%\u00bb hover_enabled=\u00bb0&#8243; header_font_size_tablet=\u00bb48px\u00bb header_font_size_phone=\u00bb25px\u00bb header_font_size_last_edited=\u00bbon|phone\u00bb header_6_font_size_tablet=\u00bb\u00bb header_6_font_size_phone=\u00bb\u00bb header_6_font_size_last_edited=\u00bbon|desktop\u00bb text_text_shadow_style=\u00bbpreset3&#8243; text_text_shadow_blur_strength=\u00bb3em\u00bb text_text_shadow_color=\u00bbrgba(22,29,67,0.24)\u00bb locked=\u00bboff\u00bb global_colors_info=\u00bb{}\u00bb header_5_font_size__hover=\u00bb16px\u00bb header_5_font_size__hover_enabled=\u00bb16px\u00bb header_5_letter_spacing__hover=\u00bb0px\u00bb header_5_letter_spacing__hover_enabled=\u00bb0px\u00bb header_5_line_height__hover=\u00bb1em\u00bb header_5_line_height__hover_enabled=\u00bb1em\u00bb header_5_text_shadow_style__hover=\u00bbnone\u00bb header_5_text_shadow_style__hover_enabled=\u00bbnone\u00bb header_5_text_shadow_color__hover=\u00bbrgba(0,0,0,0.4)\u00bb header_5_text_shadow_color__hover_enabled=\u00bbrgba(0,0,0,0.4)\u00bb sticky_enabled=\u00bb0&#8243;]<\/p>\n<h6>Aparthotel Wellness<\/h6>\n<h1>Tourist information<\/h1>\n<p>[\/et_pb_text][\/et_pb_column][et_pb_column type=\u00bb1_4&#8243; _builder_version=\u00bb4.14.7&#8243; custom_padding=\u00bb|||\u00bb custom_padding_tablet=\u00bb||||false\u00bb custom_padding_phone=\u00bb||||false\u00bb custom_padding_last_edited=\u00bbon|phone\u00bb global_colors_info=\u00bb{}\u00bb padding_tablet=\u00bb||||false\u00bb padding_last_edited=\u00bbon|desktop\u00bb custom_padding__hover=\u00bb|||\u00bb padding_phone=\u00bb||||false\u00bb][\/et_pb_column][\/et_pb_row][\/et_pb_section][et_pb_section fb_built=\u00bb1&#8243; admin_label=\u00bbAbout\u00bb _builder_version=\u00bb4.14.1&#8243; da_disable_devices=\u00bboff|off|off\u00bb global_colors_info=\u00bb{}\u00bb da_is_popup=\u00bboff\u00bb da_exit_intent=\u00bboff\u00bb da_has_close=\u00bbon\u00bb da_alt_close=\u00bboff\u00bb da_dark_close=\u00bboff\u00bb da_not_modal=\u00bbon\u00bb da_is_singular=\u00bboff\u00bb da_with_loader=\u00bboff\u00bb da_has_shadow=\u00bbon\u00bb][et_pb_row _builder_version=\u00bb4.14.1&#8243; custom_padding=\u00bb0px||||false|false\u00bb global_colors_info=\u00bb{}\u00bb][et_pb_column type=\u00bb4_4&#8243; _builder_version=\u00bb3.25&#8243; custom_padding=\u00bb|||\u00bb global_colors_info=\u00bb{}\u00bb custom_padding__hover=\u00bb|||\u00bb][et_pb_text _builder_version=\u00bb4.14.7&#8243; text_font=\u00bbOpen Sans||||||||\u00bb text_line_height=\u00bb1.2em\u00bb header_font=\u00bb||||||||\u00bb header_2_font=\u00bb||||||||\u00bb header_2_text_color=\u00bb#a00d3b\u00bb header_2_font_size=\u00bb50px\u00bb header_2_line_height=\u00bb1.4em\u00bb header_3_font=\u00bbOpen Sans|700||on|||||\u00bb header_3_text_color=\u00bb#a00d3b\u00bb header_3_font_size=\u00bb14px\u00bb header_3_letter_spacing=\u00bb5px\u00bb header_3_line_height=\u00bb1.8em\u00bb max_width=\u00bb600px\u00bb module_alignment=\u00bbcenter\u00bb animation_style=\u00bbzoom\u00bb animation_intensity_zoom=\u00bb5%\u00bb header_2_font_tablet=\u00bb||||||||\u00bb header_2_font_phone=\u00bb||||||||\u00bb header_2_font_last_edited=\u00bbon|phone\u00bb header_2_font_size_tablet=\u00bb40px\u00bb header_2_font_size_phone=\u00bb28px\u00bb header_2_font_size_last_edited=\u00bbon|phone\u00bb header_3_font_size_tablet=\u00bb\u00bb header_3_font_size_phone=\u00bb10px\u00bb header_3_font_size_last_edited=\u00bbon|phone\u00bb locked=\u00bboff\u00bb global_colors_info=\u00bb{}\u00bb header_5_font_size__hover=\u00bb16px\u00bb header_5_font_size__hover_enabled=\u00bb16px\u00bb header_5_letter_spacing__hover=\u00bb0px\u00bb header_5_letter_spacing__hover_enabled=\u00bb0px\u00bb header_5_line_height__hover=\u00bb1em\u00bb header_5_line_height__hover_enabled=\u00bb1em\u00bb header_5_text_shadow_style__hover=\u00bbnone\u00bb header_5_text_shadow_style__hover_enabled=\u00bbnone\u00bb header_5_text_shadow_color__hover=\u00bbrgba(0,0,0,0.4)\u00bb header_5_text_shadow_color__hover_enabled=\u00bbrgba(0,0,0,0.4)\u00bb header_font_size__hover=\u00bb30px\u00bb header_font_size__hover_enabled=\u00bb30px\u00bb header_letter_spacing__hover=\u00bb0px\u00bb header_letter_spacing__hover_enabled=\u00bb0px\u00bb header_text_shadow_style__hover=\u00bbnone\u00bb header_text_shadow_style__hover_enabled=\u00bbnone\u00bb header_text_shadow_color__hover=\u00bbrgba(0,0,0,0.4)\u00bb header_text_shadow_color__hover_enabled=\u00bbrgba(0,0,0,0.4)\u00bb header_6_letter_spacing__hover=\u00bb0px\u00bb header_6_letter_spacing__hover_enabled=\u00bb0px\u00bb header_6_line_height__hover=\u00bb1em\u00bb header_6_line_height__hover_enabled=\u00bb1em\u00bb header_6_font_size__hover=\u00bb14px\u00bb header_6_font_size__hover_enabled=\u00bb14px\u00bb header_6_text_shadow_style__hover=\u00bbnone\u00bb header_6_text_shadow_style__hover_enabled=\u00bbnone\u00bb header_6_text_shadow_color__hover=\u00bbrgba(0,0,0,0.4)\u00bb header_6_text_shadow_color__hover_enabled=\u00bbrgba(0,0,0,0.4)\u00bb]<\/p>\n<h2><strong>More information of interest\u2026 <\/strong><\/h2>\n<p>[\/et_pb_text][et_pb_blurb _builder_version=\u00bb4.14.7&#8243; _module_preset=\u00bbdefault\u00bb global_colors_info=\u00bb{}\u00bb][\/et_pb_blurb][\/et_pb_column][\/et_pb_row][et_pb_row _builder_version=\u00bb4.14.7&#8243; _module_preset=\u00bbdefault\u00bb global_colors_info=\u00bb{}\u00bb][et_pb_column type=\u00bb4_4&#8243; _builder_version=\u00bb4.14.7&#8243; _module_preset=\u00bbdefault\u00bb global_colors_info=\u00bb{}\u00bb][et_pb_blurb title=\u00bbH\u00edpica CES Valencia\u00bb use_icon=\u00bbon\u00bb font_icon=\u00bb&#xf7ab;||fa||900&#8243; image_icon_width=\u00bb55px\u00bb icon_color_tablet=\u00bb\u00bb icon_color_phone=\u00bb\u00bb icon_color_last_edited=\u00bbon|phone\u00bb _builder_version=\u00bb4.14.7&#8243; _module_preset=\u00bbdefault\u00bb header_font=\u00bb|600|||||||\u00bb header_text_align=\u00bbcenter\u00bb header_text_color=\u00bb#a00d3b\u00bb custom_padding=\u00bb10%|5%|10%|5%|true|true\u00bb border_radii=\u00bbon|17px|17px|17px|17px\u00bb box_shadow_style=\u00bbpreset1&#8243; global_colors_info=\u00bb{}\u00bb]<\/p>\n<p>offers the possibility of learning to ride a horse, perfecting the jump and learning more about the world of horses.<\/p>\n<p>[\/et_pb_blurb][et_pb_blurb title=\u00bbPaseos en barca por La Albufera.\u00bb use_icon=\u00bbon\u00bb font_icon=\u00bb&#xf21a;||fa||900&#8243; image_icon_width=\u00bb55px\u00bb icon_color_tablet=\u00bb\u00bb icon_color_phone=\u00bb\u00bb icon_color_last_edited=\u00bbon|phone\u00bb _builder_version=\u00bb4.14.7&#8243; _module_preset=\u00bbdefault\u00bb header_font=\u00bb|600|||||||\u00bb header_text_align=\u00bbcenter\u00bb header_text_color=\u00bb#a00d3b\u00bb custom_padding=\u00bb10%|5%|10%|5%|true|true\u00bb border_radii=\u00bbon|17px|17px|17px|17px\u00bb box_shadow_style=\u00bbpreset1&#8243; global_colors_info=\u00bb{}\u00bb]<\/p>\n<p>In the town of El Palmar you can taste a wide variety of the best rice dishes in Valencia, as well as the typical &quot;all i pebre&quot; unique in the area.<\/p>\n<p>[\/et_pb_blurb][et_pb_blurb title=\u00bbPlayas cercanas al Aparthotel Wellness.\u00bb use_icon=\u00bbon\u00bb font_icon=\u00bb&#xf5ca;||fa||900&#8243; image_icon_width=\u00bb55px\u00bb icon_color_tablet=\u00bb\u00bb icon_color_phone=\u00bb\u00bb icon_color_last_edited=\u00bbon|phone\u00bb _builder_version=\u00bb4.14.7&#8243; _module_preset=\u00bbdefault\u00bb header_font=\u00bb|600|||||||\u00bb header_text_align=\u00bbcenter\u00bb header_text_color=\u00bb#a00d3b\u00bb custom_padding=\u00bb10%|5%|10%|5%|false|true\u00bb border_radii=\u00bbon|17px|17px|17px|17px\u00bb box_shadow_style=\u00bbpreset1&#8243; global_colors_info=\u00bb{}\u00bb]<\/p>\n<p style=\"text-align: center;\"><strong>In the north zone:<\/strong><br \/>Patacona and Malvarrosa beach (15 km).<\/p>\n<p style=\"text-align: center;\"><strong>In the southern zone:<\/strong><\/p>\n<ul>\n<li style=\"text-align: center;\">Pinedo (15 km)<\/li>\n<li style=\"text-align: center;\">El Saler (25 km)<\/li>\n<li style=\"text-align: center;\">Cullera (35 km).<\/li>\n<\/ul>\n<p>[\/et_pb_blurb][et_pb_blurb title=\u00bbCentro de Valencia\u00bb use_icon=\u00bbon\u00bb font_icon=\u00bb&#x5c;||divi||400&#8243; image_icon_width=\u00bb55px\u00bb icon_color_tablet=\u00bb\u00bb icon_color_phone=\u00bb\u00bb icon_color_last_edited=\u00bbon|phone\u00bb _builder_version=\u00bb4.14.7&#8243; _module_preset=\u00bbdefault\u00bb header_font=\u00bb|600|||||||\u00bb header_text_align=\u00bbcenter\u00bb header_text_color=\u00bb#a00d3b\u00bb custom_padding=\u00bb10%|5%|10%|5%|false|true\u00bb border_radii=\u00bbon|17px|17px|17px|17px\u00bb box_shadow_style=\u00bbpreset1&#8243; global_colors_info=\u00bb{}\u00bb]<\/p>\n<p style=\"text-align: center;\">just 15 minutes by car.<\/p>\n<p style=\"text-align: center;\"><strong><\/strong><\/p>\n<p>[\/et_pb_blurb][et_pb_blurb title=\u00bbL\u00ednea autob\u00fas\u00bb use_icon=\u00bbon\u00bb font_icon=\u00bb&#xf55e;||fa||900&#8243; image_icon_width=\u00bb55px\u00bb icon_color_tablet=\u00bb\u00bb icon_color_phone=\u00bb\u00bb icon_color_last_edited=\u00bbon|phone\u00bb _builder_version=\u00bb4.14.7&#8243; _module_preset=\u00bbdefault\u00bb header_font=\u00bb|600|||||||\u00bb header_text_align=\u00bbcenter\u00bb header_text_color=\u00bb#a00d3b\u00bb custom_padding=\u00bb10%|5%|10%|5%|false|true\u00bb border_radii=\u00bbon|17px|17px|17px|17px\u00bb box_shadow_style=\u00bbpreset1&#8243; global_colors_info=\u00bb{}\u00bb]<\/p>\n<p style=\"text-align: center;\"><strong>131<\/strong>, Edetania Bus. Gran V\u00eda \u2013 Mas Camarena. Stop at the roundabout next to Hotel Mas Camarena. Check timetables at www.edetaniabus.com.<\/p>\n<p style=\"text-align: center;\"><strong><\/strong><\/p>\n<p>[\/et_pb_blurb][et_pb_blurb title=\u00bbParada de metro\u00bb use_icon=\u00bbon\u00bb font_icon=\u00bb&#xf239;||fa||900&#8243; image_icon_width=\u00bb55px\u00bb icon_color_tablet=\u00bb\u00bb icon_color_phone=\u00bb\u00bb icon_color_last_edited=\u00bbon|phone\u00bb _builder_version=\u00bb4.14.7&#8243; _module_preset=\u00bbdefault\u00bb header_font=\u00bb|600|||||||\u00bb header_text_align=\u00bbcenter\u00bb header_text_color=\u00bb#a00d3b\u00bb custom_padding=\u00bb10%|5%|10%|5%|false|true\u00bb border_radii=\u00bbon|17px|17px|17px|17px\u00bb box_shadow_style=\u00bbpreset1&#8243; global_colors_info=\u00bb{}\u00bb]<\/p>\n<p style=\"text-align: center;\">closest to 4 km, <strong>More from Rosario.<\/strong><\/p>\n<p style=\"text-align: center;\"><strong><\/strong><\/p>\n<p>[\/et_pb_blurb][et_pb_blurb title=\u00bbCentro comercial Mas Camarena.\u00bb use_icon=\u00bbon\u00bb font_icon=\u00bb&#xf07a;||fa||900&#8243; image_icon_width=\u00bb55px\u00bb icon_color_tablet=\u00bb\u00bb icon_color_phone=\u00bb\u00bb icon_color_last_edited=\u00bbon|phone\u00bb _builder_version=\u00bb4.14.7&#8243; _module_preset=\u00bbdefault\u00bb header_font=\u00bb|600|||||||\u00bb header_text_align=\u00bbcenter\u00bb header_text_color=\u00bb#a00d3b\u00bb custom_padding=\u00bb10%|5%|10%|5%|false|true\u00bb border_radii=\u00bbon|17px|17px|17px|17px\u00bb box_shadow_style=\u00bbpreset1&#8243; global_colors_info=\u00bb{}\u00bb]<\/p>\n<p>Located 100 meters away, next to the Mas Camarena Urbanization roundabout.<\/p>\n<ul>\n<li>Pizza shop,<\/li>\n<li>bank,<\/li>\n<li>ATM,<\/li>\n<li>pharmacy,<\/li>\n<li>Barber Shop,<\/li>\n<li>Supermarket,<\/li>\n<li>fruit store,<\/li>\n<li>kiosk,<\/li>\n<li>etc.<\/li>\n<\/ul>\n<p style=\"text-align: center;\"><strong><\/strong><\/p>\n<p>[\/et_pb_blurb][et_pb_blurb title=\u00bbCentro de ocio Heron City\u00bb use_icon=\u00bbon\u00bb font_icon=\u00bb&#xf630;||fa||900&#8243; image_icon_width=\u00bb55px\u00bb icon_color_tablet=\u00bb\u00bb icon_color_phone=\u00bb\u00bb icon_color_last_edited=\u00bbon|phone\u00bb _builder_version=\u00bb4.14.7&#8243; _module_preset=\u00bbdefault\u00bb header_font=\u00bb|600|||||||\u00bb header_text_align=\u00bbcenter\u00bb header_text_color=\u00bb#a00d3b\u00bb custom_padding=\u00bb10%|5%|10%|5%|false|true\u00bb border_radii=\u00bbon|17px|17px|17px|17px\u00bb box_shadow_style=\u00bbpreset1&#8243; global_colors_info=\u00bb{}\u00bb]<\/p>\n<p style=\"text-align: center;\"><strong>Heron City<\/strong><br \/>(5 minutes by car)<\/p>\n<p style=\"text-align: center;\"><strong>New Center-shopping center<\/strong><br \/>(12 minutes by car).<\/p>\n<p>[\/et_pb_blurb][\/et_pb_column][\/et_pb_row][\/et_pb_section]<\/p>","protected":false},"excerpt":{"rendered":"<p>Aparthotel Mas Camarena Informaci\u00f3n Tur\u00edsticaM\u00e1s informaci\u00f3n de inter\u00e9s\u2026 ofrece la posibilidad de aprender a montar a caballo, perfeccionar el salto y conocer m\u00e1s de cerca el mundo del caballo.En el pueblo de El Palmar podr\u00e1 degustar una gran variedad de los mejores arroces de Valencia, as\u00ed como el t\u00edpico \u201call i pebre\u201d \u00fanico en la [&hellip;]<\/p>","protected":false},"author":1,"featured_media":0,"parent":0,"menu_order":0,"comment_status":"closed","ping_status":"closed","template":"","meta":{"_et_pb_use_builder":"on","_et_pb_old_content":"","_et_gb_content_width":""},"_links":{"self":[{"href":"https:\/\/www.apartahotelwellness.micartarestauranteqr.es\/en\/wp-json\/wp\/v2\/pages\/422"}],"collection":[{"href":"https:\/\/www.apartahotelwellness.micartarestauranteqr.es\/en\/wp-json\/wp\/v2\/pages"}],"about":[{"href":"https:\/\/www.apartahotelwellness.micartarestauranteqr.es\/en\/wp-json\/wp\/v2\/types\/page"}],"author":[{"embeddable":true,"href":"https:\/\/www.apartahotelwellness.micartarestauranteqr.es\/en\/wp-json\/wp\/v2\/users\/1"}],"replies":[{"embeddable":true,"href":"https:\/\/www.apartahotelwellness.micartarestauranteqr.es\/en\/wp-json\/wp\/v2\/comments?post=422"}],"version-history":[{"count":9,"href":"https:\/\/www.apartahotelwellness.micartarestauranteqr.es\/en\/wp-json\/wp\/v2\/pages\/422\/revisions"}],"predecessor-version":[{"id":439,"href":"https:\/\/www.apartahotelwellness.micartarestauranteqr.es\/en\/wp-json\/wp\/v2\/pages\/422\/revisions\/439"}],"wp:attachment":[{"href":"https:\/\/www.apartahotelwellness.micartarestauranteqr.es\/en\/wp-json\/wp\/v2\/media?parent=422"}],"curies":[{"name":"wp","href":"https:\/\/api.w.org\/{rel}","templated":true}]}}